{"id":4695,"date":"2023-02-13T19:52:21","date_gmt":"2023-02-13T19:52:21","guid":{"rendered":"https:\/\/nova-praxis.com\/nuevaweb\/legal-notice\/"},"modified":"2024-08-21T10:27:54","modified_gmt":"2024-08-21T10:27:54","slug":"legal-notice","status":"publish","type":"page","link":"https:\/\/nova-praxis.com\/en\/legal-notice\/","title":{"rendered":"Legal Notice"},"content":{"rendered":"\t\t<div data-elementor-type=\"wp-page\" data-elementor-id=\"4695\" class=\"elementor elementor-4695 elementor-4688\" data-elementor-post-type=\"page\">\n\t\t\t\t\t\t<section class=\"elementor-section elementor-top-section elementor-element elementor-element-7eebaa28 elementor-hidden-mobile elementor-section-boxed elementor-section-height-default elementor-section-height-default\" data-id=\"7eebaa28\" data-element_type=\"section\" data-e-type=\"section\" data-settings=\"{&quot;background_background&quot;:&quot;classic&quot;}\">\n\t\t\t\t\t\t\t<div class=\"elementor-background-overlay\"><\/div>\n\t\t\t\t\t\t\t<div class=\"elementor-container elementor-column-gap-default\">\n\t\t\t\t\t<div class=\"elementor-column elementor-col-100 elementor-top-column elementor-element elementor-element-1d5bb41e\" data-id=\"1d5bb41e\" data-element_type=\"column\" data-e-type=\"column\">\n\t\t\t<div class=\"elementor-widget-wrap elementor-element-populated\">\n\t\t\t\t\t\t<section class=\"elementor-section elementor-inner-section elementor-element elementor-element-7223d15e elementor-section-boxed elementor-section-height-default elementor-section-height-default\" data-id=\"7223d15e\" data-element_type=\"section\" data-e-type=\"section\">\n\t\t\t\t\t\t<div class=\"elementor-container elementor-column-gap-default\">\n\t\t\t\t\t<div class=\"elementor-column elementor-col-33 elementor-inner-column elementor-element elementor-element-74664347\" data-id=\"74664347\" data-element_type=\"column\" data-e-type=\"column\">\n\t\t\t<div class=\"elementor-widget-wrap\">\n\t\t\t\t\t\t\t<\/div>\n\t\t<\/div>\n\t\t\t\t<div class=\"elementor-column elementor-col-33 elementor-inner-column elementor-element elementor-element-2c059d0f\" data-id=\"2c059d0f\" data-element_type=\"column\" data-e-type=\"column\">\n\t\t\t<div class=\"elementor-widget-wrap elementor-element-populated\">\n\t\t\t\t\t\t<div class=\"elementor-element elementor-element-2dc8b7c6 elementor-widget elementor-widget-image\" data-id=\"2dc8b7c6\" data-element_type=\"widget\" data-e-type=\"widget\" data-widget_type=\"image.default\">\n\t\t\t\t<div class=\"elementor-widget-container\">\n\t\t\t\t\t\t\t\t\t\t\t\t\t\t\t<img decoding=\"async\" width=\"1\" height=\"145\" src=\"https:\/\/nova-praxis.com\/wp-content\/uploads\/2022\/12\/line.webp\" class=\"attachment-thumbnail size-thumbnail wp-image-260\" alt=\"elemento gr\u00e1fico de nova\" \/>\t\t\t\t\t\t\t\t\t\t\t\t\t\t\t<\/div>\n\t\t\t\t<\/div>\n\t\t\t\t\t<\/div>\n\t\t<\/div>\n\t\t\t\t<div class=\"elementor-column elementor-col-33 elementor-inner-column elementor-element elementor-element-6f4199d6\" data-id=\"6f4199d6\" data-element_type=\"column\" data-e-type=\"column\">\n\t\t\t<div class=\"elementor-widget-wrap\">\n\t\t\t\t\t\t\t<\/div>\n\t\t<\/div>\n\t\t\t\t\t<\/div>\n\t\t<\/section>\n\t\t\t\t<section class=\"elementor-section elementor-inner-section elementor-element elementor-element-44708736 elementor-section-boxed elementor-section-height-default elementor-section-height-default\" data-id=\"44708736\" data-element_type=\"section\" data-e-type=\"section\">\n\t\t\t\t\t\t<div class=\"elementor-container elementor-column-gap-default\">\n\t\t\t\t\t<div class=\"elementor-column elementor-col-33 elementor-inner-column elementor-element elementor-element-69ac680c\" data-id=\"69ac680c\" data-element_type=\"column\" data-e-type=\"column\">\n\t\t\t<div class=\"elementor-widget-wrap elementor-element-populated\">\n\t\t\t\t\t\t<div class=\"elementor-element elementor-element-13f3d9e5 elementor-widget elementor-widget-image\" data-id=\"13f3d9e5\" data-element_type=\"widget\" data-e-type=\"widget\" data-settings=\"{&quot;motion_fx_motion_fx_scrolling&quot;:&quot;yes&quot;,&quot;motion_fx_translateY_effect&quot;:&quot;yes&quot;,&quot;motion_fx_translateY_affectedRange&quot;:{&quot;unit&quot;:&quot;%&quot;,&quot;size&quot;:&quot;&quot;,&quot;sizes&quot;:{&quot;start&quot;:18,&quot;end&quot;:90}},&quot;motion_fx_translateX_effect&quot;:&quot;yes&quot;,&quot;motion_fx_translateX_direction&quot;:&quot;negative&quot;,&quot;motion_fx_translateX_speed&quot;:{&quot;unit&quot;:&quot;px&quot;,&quot;size&quot;:3.1,&quot;sizes&quot;:[]},&quot;motion_fx_translateY_speed&quot;:{&quot;unit&quot;:&quot;px&quot;,&quot;size&quot;:4,&quot;sizes&quot;:[]},&quot;motion_fx_translateX_affectedRange&quot;:{&quot;unit&quot;:&quot;%&quot;,&quot;size&quot;:&quot;&quot;,&quot;sizes&quot;:{&quot;start&quot;:0,&quot;end&quot;:100}},&quot;motion_fx_devices&quot;:[&quot;desktop&quot;,&quot;tablet&quot;,&quot;mobile&quot;]}\" data-widget_type=\"image.default\">\n\t\t\t\t<div class=\"elementor-widget-container\">\n\t\t\t\t\t\t\t\t\t\t\t\t\t\t\t<img decoding=\"async\" width=\"150\" height=\"150\" src=\"https:\/\/nova-praxis.com\/wp-content\/uploads\/2022\/12\/Nova_ElementosGraficos_RGB-15-150x150.png\" class=\"attachment-thumbnail size-thumbnail wp-image-1484\" alt=\"C\u00edrculo verde azulado s\u00f3lido sobre fondo negro, dise\u00f1o minimalista.\" srcset=\"https:\/\/nova-praxis.com\/wp-content\/uploads\/2022\/12\/Nova_ElementosGraficos_RGB-15-150x150.png 150w, https:\/\/nova-praxis.com\/wp-content\/uploads\/2022\/12\/Nova_ElementosGraficos_RGB-15-300x300.png 300w, https:\/\/nova-praxis.com\/wp-content\/uploads\/2022\/12\/Nova_ElementosGraficos_RGB-15-1024x1024.png 1024w, https:\/\/nova-praxis.com\/wp-content\/uploads\/2022\/12\/Nova_ElementosGraficos_RGB-15-768x768.png 768w, https:\/\/nova-praxis.com\/wp-content\/uploads\/2022\/12\/Nova_ElementosGraficos_RGB-15-1536x1536.png 1536w, https:\/\/nova-praxis.com\/wp-content\/uploads\/2022\/12\/Nova_ElementosGraficos_RGB-15-2048x2048.png 2048w\" sizes=\"(max-width: 150px) 100vw, 150px\" \/>\t\t\t\t\t\t\t\t\t\t\t\t\t\t\t<\/div>\n\t\t\t\t<\/div>\n\t\t\t\t\t<\/div>\n\t\t<\/div>\n\t\t\t\t<div class=\"elementor-column elementor-col-33 elementor-inner-column elementor-element elementor-element-42c16071\" data-id=\"42c16071\" data-element_type=\"column\" data-e-type=\"column\">\n\t\t\t<div class=\"elementor-widget-wrap elementor-element-populated\">\n\t\t\t\t\t\t<div class=\"elementor-element elementor-element-3d135f70 elementor-widget elementor-widget-heading\" data-id=\"3d135f70\" data-element_type=\"widget\" data-e-type=\"widget\" data-widget_type=\"heading.default\">\n\t\t\t\t<div class=\"elementor-widget-container\">\n\t\t\t\t\t<h1 class=\"elementor-heading-title elementor-size-default\">Legal Notice<\/h1>\t\t\t\t<\/div>\n\t\t\t\t<\/div>\n\t\t\t\t\t<\/div>\n\t\t<\/div>\n\t\t\t\t<div class=\"elementor-column elementor-col-33 elementor-inner-column elementor-element elementor-element-46b16e0c\" data-id=\"46b16e0c\" data-element_type=\"column\" data-e-type=\"column\">\n\t\t\t<div class=\"elementor-widget-wrap elementor-element-populated\">\n\t\t\t\t\t\t<div class=\"elementor-element elementor-element-68a96291 elementor-widget elementor-widget-image\" data-id=\"68a96291\" data-element_type=\"widget\" data-e-type=\"widget\" data-settings=\"{&quot;motion_fx_motion_fx_scrolling&quot;:&quot;yes&quot;,&quot;motion_fx_translateX_effect&quot;:&quot;yes&quot;,&quot;motion_fx_translateX_affectedRange&quot;:{&quot;unit&quot;:&quot;%&quot;,&quot;size&quot;:&quot;&quot;,&quot;sizes&quot;:{&quot;start&quot;:14,&quot;end&quot;:89}},&quot;motion_fx_rotateZ_effect&quot;:&quot;yes&quot;,&quot;motion_fx_translateX_speed&quot;:{&quot;unit&quot;:&quot;px&quot;,&quot;size&quot;:4,&quot;sizes&quot;:[]},&quot;motion_fx_rotateZ_speed&quot;:{&quot;unit&quot;:&quot;px&quot;,&quot;size&quot;:1,&quot;sizes&quot;:[]},&quot;motion_fx_rotateZ_affectedRange&quot;:{&quot;unit&quot;:&quot;%&quot;,&quot;size&quot;:&quot;&quot;,&quot;sizes&quot;:{&quot;start&quot;:0,&quot;end&quot;:100}},&quot;motion_fx_devices&quot;:[&quot;desktop&quot;,&quot;tablet&quot;,&quot;mobile&quot;]}\" data-widget_type=\"image.default\">\n\t\t\t\t<div class=\"elementor-widget-container\">\n\t\t\t\t\t\t\t\t\t\t\t\t\t\t\t<img fetchpriority=\"high\" decoding=\"async\" width=\"1024\" height=\"1024\" src=\"https:\/\/nova-praxis.com\/wp-content\/uploads\/2022\/12\/Nova_ElementosGraficos_RGB-14-1024x1024.png\" class=\"attachment-large size-large wp-image-259\" alt=\"Elemento gr\u00e1fico de nova\" srcset=\"https:\/\/nova-praxis.com\/wp-content\/uploads\/2022\/12\/Nova_ElementosGraficos_RGB-14-1024x1024.png 1024w, https:\/\/nova-praxis.com\/wp-content\/uploads\/2022\/12\/Nova_ElementosGraficos_RGB-14-300x300.png 300w, https:\/\/nova-praxis.com\/wp-content\/uploads\/2022\/12\/Nova_ElementosGraficos_RGB-14-150x150.png 150w, https:\/\/nova-praxis.com\/wp-content\/uploads\/2022\/12\/Nova_ElementosGraficos_RGB-14-768x768.png 768w, https:\/\/nova-praxis.com\/wp-content\/uploads\/2022\/12\/Nova_ElementosGraficos_RGB-14-1536x1536.png 1536w, https:\/\/nova-praxis.com\/wp-content\/uploads\/2022\/12\/Nova_ElementosGraficos_RGB-14-2048x2048.png 2048w\" sizes=\"(max-width: 1024px) 100vw, 1024px\" \/>\t\t\t\t\t\t\t\t\t\t\t\t\t\t\t<\/div>\n\t\t\t\t<\/div>\n\t\t\t\t\t<\/div>\n\t\t<\/div>\n\t\t\t\t\t<\/div>\n\t\t<\/section>\n\t\t\t\t<section class=\"elementor-section elementor-inner-section elementor-element elementor-element-37c98a49 elementor-section-boxed elementor-section-height-default elementor-section-height-default\" data-id=\"37c98a49\" data-element_type=\"section\" data-e-type=\"section\">\n\t\t\t\t\t\t<div class=\"elementor-container elementor-column-gap-default\">\n\t\t\t\t\t<div class=\"elementor-column elementor-col-33 elementor-inner-column elementor-element elementor-element-2a850faf\" data-id=\"2a850faf\" data-element_type=\"column\" data-e-type=\"column\" data-settings=\"{&quot;background_background&quot;:&quot;classic&quot;}\">\n\t\t\t<div class=\"elementor-widget-wrap\">\n\t\t\t\t\t\t\t<\/div>\n\t\t<\/div>\n\t\t\t\t<div class=\"elementor-column elementor-col-33 elementor-inner-column elementor-element elementor-element-367bcf7c\" data-id=\"367bcf7c\" data-element_type=\"column\" data-e-type=\"column\">\n\t\t\t<div class=\"elementor-widget-wrap elementor-element-populated\">\n\t\t\t\t\t\t<div class=\"elementor-element elementor-element-7c2eb727 elementor-widget elementor-widget-image\" data-id=\"7c2eb727\" data-element_type=\"widget\" data-e-type=\"widget\" data-widget_type=\"image.default\">\n\t\t\t\t<div class=\"elementor-widget-container\">\n\t\t\t\t\t\t\t\t\t\t\t\t\t\t\t<img loading=\"lazy\" decoding=\"async\" width=\"1\" height=\"145\" src=\"https:\/\/nova-praxis.com\/wp-content\/uploads\/2022\/12\/line.webp\" class=\"attachment-large size-large wp-image-260\" alt=\"elemento gr\u00e1fico de nova\" \/>\t\t\t\t\t\t\t\t\t\t\t\t\t\t\t<\/div>\n\t\t\t\t<\/div>\n\t\t\t\t\t<\/div>\n\t\t<\/div>\n\t\t\t\t<div class=\"elementor-column elementor-col-33 elementor-inner-column elementor-element elementor-element-3811823e\" data-id=\"3811823e\" data-element_type=\"column\" data-e-type=\"column\">\n\t\t\t<div class=\"elementor-widget-wrap\">\n\t\t\t\t\t\t\t<\/div>\n\t\t<\/div>\n\t\t\t\t\t<\/div>\n\t\t<\/section>\n\t\t\t\t\t<\/div>\n\t\t<\/div>\n\t\t\t\t\t<\/div>\n\t\t<\/section>\n\t\t\t\t<section class=\"elementor-section elementor-top-section elementor-element elementor-element-567ff05 elementor-section-boxed elementor-section-height-default elementor-section-height-default\" data-id=\"567ff05\" data-element_type=\"section\" data-e-type=\"section\">\n\t\t\t\t\t\t<div class=\"elementor-container elementor-column-gap-default\">\n\t\t\t\t\t<div class=\"elementor-column elementor-col-100 elementor-top-column elementor-element elementor-element-5eb56a2\" data-id=\"5eb56a2\" data-element_type=\"column\" data-e-type=\"column\">\n\t\t\t<div class=\"elementor-widget-wrap elementor-element-populated\">\n\t\t\t\t\t\t<div class=\"elementor-element elementor-element-8d566ef elementor-widget elementor-widget-heading\" data-id=\"8d566ef\" data-element_type=\"widget\" data-e-type=\"widget\" data-widget_type=\"heading.default\">\n\t\t\t\t<div class=\"elementor-widget-container\">\n\t\t\t\t\t<h2 class=\"elementor-heading-title elementor-size-default\">ESG Reporting: Key Features<\/h2>\t\t\t\t<\/div>\n\t\t\t\t<\/div>\n\t\t\t\t<div class=\"elementor-element elementor-element-d72825a elementor-widget elementor-widget-heading\" data-id=\"d72825a\" data-element_type=\"widget\" data-e-type=\"widget\" data-widget_type=\"heading.default\">\n\t\t\t\t<div class=\"elementor-widget-container\">\n\t\t\t\t\t<h2 class=\"elementor-heading-title elementor-size-default\">Legal Notice<\/h2>\t\t\t\t<\/div>\n\t\t\t\t<\/div>\n\t\t\t\t<div class=\"elementor-element elementor-element-252ad7a elementor-widget elementor-widget-text-editor\" data-id=\"252ad7a\" data-element_type=\"widget\" data-e-type=\"widget\" data-widget_type=\"text-editor.default\">\n\t\t\t\t<div class=\"elementor-widget-container\">\n\t\t\t\t\t\t\t\t\t<\/p>\n<p><strong>Business Name:<\/strong> Novapraxis Soluciones de Negocio S.L. <strong>NIF: B85117992<\/strong> | <strong>Registered Office: Calle Montesa, 35, Esc Dcha 3\u00ba Izqda. 28006, Madrid.<\/strong><\/p>\n<\/p>\n<\/p>\n<figure class=\"wp-block-table\">\n<table>\n<tbody>\n<tr>\n<td><strong>Contact:<\/strong><\/td>\n<td>Tel\u00e9fono: 916320207<br \/><strong>Email:<\/strong> <a href=\"mailto:contacto@nova-praxis.com\"><strong>contacto@nova-praxis.com<\/strong><\/a><\/td>\n<\/tr>\n<tr>\n<td><strong>DATOS DE INSCRIPCI\u00d3N (0, CUANDO PROCEDA, COLEGIACI\u00d3N)<\/strong><\/td>\n<td><strong>Datos de inscripci\u00f3n al registro mercantil: Tomo 24445, Libro 0, Folio 70, Secci\u00f3n 8, Hoja M-439734<\/strong><\/td>\n<\/tr>\n<\/tbody>\n<\/table>\n<\/figure>\n\t\t\t\t\t\t\t\t<\/div>\n\t\t\t\t<\/div>\n\t\t\t\t<section class=\"elementor-section elementor-inner-section elementor-element elementor-element-f994566 elementor-section-boxed elementor-section-height-default elementor-section-height-default\" data-id=\"f994566\" data-element_type=\"section\" data-e-type=\"section\">\n\t\t\t\t\t\t<div class=\"elementor-container elementor-column-gap-default\">\n\t\t\t\t\t<div class=\"elementor-column elementor-col-50 elementor-inner-column elementor-element elementor-element-ba81480\" data-id=\"ba81480\" data-element_type=\"column\" data-e-type=\"column\">\n\t\t\t<div class=\"elementor-widget-wrap\">\n\t\t\t\t\t\t\t<\/div>\n\t\t<\/div>\n\t\t\t\t<div class=\"elementor-column elementor-col-50 elementor-inner-column elementor-element elementor-element-3f08fab\" data-id=\"3f08fab\" data-element_type=\"column\" data-e-type=\"column\">\n\t\t\t<div class=\"elementor-widget-wrap\">\n\t\t\t\t\t\t\t<\/div>\n\t\t<\/div>\n\t\t\t\t\t<\/div>\n\t\t<\/section>\n\t\t\t\t\t<\/div>\n\t\t<\/div>\n\t\t\t\t\t<\/div>\n\t\t<\/section>\n\t\t\t\t<\/div>\n\t\t","protected":false},"excerpt":{"rendered":"<p>Legal Notice ESG Reporting: Key Features Legal Notice Business Name: Novapraxis Soluciones de Negocio S.L. NIF: B85117992 | Registered Office: Calle Montesa, 35, Esc Dcha 3\u00ba Izqda. 28006, Madrid. Contact: Tel\u00e9fono: 916320207Email: contacto@nova-praxis.com DATOS DE INSCRIPCI\u00d3N (0, CUANDO PROCEDA, COLEGIACI\u00d3N) &#8230; <a title=\"Legal Notice\" class=\"read-more\" href=\"https:\/\/nova-praxis.com\/en\/legal-notice\/\" aria-label=\"Read more about Legal Notice\">Read more<\/a><\/p>\n","protected":false},"author":1,"featured_media":0,"parent":0,"menu_order":0,"comment_status":"closed","ping_status":"closed","template":"","meta":{"inline_featured_image":false,"footnotes":""},"class_list":["post-4695","page","type-page","status-publish"],"yoast_head":"<!-- This site is optimized with the Yoast SEO plugin v27.1.1 - https:\/\/yoast.com\/product\/yoast-seo-wordpress\/ -->\n<title>Legal Notice - Nova<\/title>\n<meta name=\"robots\" content=\"noindex, follow\" \/>\n<meta property=\"og:locale\" content=\"en_US\" \/>\n<meta property=\"og:type\" content=\"article\" \/>\n<meta property=\"og:title\" content=\"Legal Notice - Nova\" \/>\n<meta property=\"og:description\" content=\"Legal Notice ESG Reporting: Key Features Legal Notice Business Name: Novapraxis Soluciones de Negocio S.L. NIF: B85117992 | Registered Office: Calle Montesa, 35, Esc Dcha 3\u00ba Izqda. 28006, Madrid. Contact: Tel\u00e9fono: 916320207Email: contacto@nova-praxis.com DATOS DE INSCRIPCI\u00d3N (0, CUANDO PROCEDA, COLEGIACI\u00d3N) ... Read more\" \/>\n<meta property=\"og:url\" content=\"https:\/\/nova-praxis.com\/en\/legal-notice\/\" \/>\n<meta property=\"og:site_name\" content=\"Nova\" \/>\n<meta property=\"article:modified_time\" content=\"2024-08-21T10:27:54+00:00\" \/>\n<meta property=\"og:image\" content=\"https:\/\/nova-praxis.com\/\/wp-content\/uploads\/2022\/12\/line.png\" \/>\n<meta name=\"twitter:card\" content=\"summary_large_image\" \/>\n<meta name=\"twitter:label1\" content=\"Est. reading time\" \/>\n\t<meta name=\"twitter:data1\" content=\"2 minutes\" \/>\n<script type=\"application\/ld+json\" class=\"yoast-schema-graph\">{\"@context\":\"https:\/\/schema.org\",\"@graph\":[{\"@type\":\"WebPage\",\"@id\":\"https:\/\/nova-praxis.com\/en\/legal-notice\/\",\"url\":\"https:\/\/nova-praxis.com\/en\/legal-notice\/\",\"name\":\"Legal Notice - Nova\",\"isPartOf\":{\"@id\":\"https:\/\/nova-praxis.com\/en\/#website\"},\"primaryImageOfPage\":{\"@id\":\"https:\/\/nova-praxis.com\/en\/legal-notice\/#primaryimage\"},\"image\":{\"@id\":\"https:\/\/nova-praxis.com\/en\/legal-notice\/#primaryimage\"},\"thumbnailUrl\":\"https:\/\/nova-praxis.com\/\/wp-content\/uploads\/2022\/12\/line.png\",\"datePublished\":\"2023-02-13T19:52:21+00:00\",\"dateModified\":\"2024-08-21T10:27:54+00:00\",\"breadcrumb\":{\"@id\":\"https:\/\/nova-praxis.com\/en\/legal-notice\/#breadcrumb\"},\"inLanguage\":\"en-US\",\"potentialAction\":[{\"@type\":\"ReadAction\",\"target\":[\"https:\/\/nova-praxis.com\/en\/legal-notice\/\"]}]},{\"@type\":\"ImageObject\",\"inLanguage\":\"en-US\",\"@id\":\"https:\/\/nova-praxis.com\/en\/legal-notice\/#primaryimage\",\"url\":\"https:\/\/nova-praxis.com\/\/wp-content\/uploads\/2022\/12\/line.png\",\"contentUrl\":\"https:\/\/nova-praxis.com\/\/wp-content\/uploads\/2022\/12\/line.png\"},{\"@type\":\"BreadcrumbList\",\"@id\":\"https:\/\/nova-praxis.com\/en\/legal-notice\/#breadcrumb\",\"itemListElement\":[{\"@type\":\"ListItem\",\"position\":1,\"name\":\"Portada\",\"item\":\"https:\/\/nova-praxis.com\/en\/\"},{\"@type\":\"ListItem\",\"position\":2,\"name\":\"Legal Notice\"}]},{\"@type\":\"WebSite\",\"@id\":\"https:\/\/nova-praxis.com\/en\/#website\",\"url\":\"https:\/\/nova-praxis.com\/en\/\",\"name\":\"Nova\",\"description\":\"Your data partner\",\"publisher\":{\"@id\":\"https:\/\/nova-praxis.com\/en\/#organization\"},\"potentialAction\":[{\"@type\":\"SearchAction\",\"target\":{\"@type\":\"EntryPoint\",\"urlTemplate\":\"https:\/\/nova-praxis.com\/en\/?s={search_term_string}\"},\"query-input\":{\"@type\":\"PropertyValueSpecification\",\"valueRequired\":true,\"valueName\":\"search_term_string\"}}],\"inLanguage\":\"en-US\"},{\"@type\":\"Organization\",\"@id\":\"https:\/\/nova-praxis.com\/en\/#organization\",\"name\":\"Nova\",\"alternateName\":\"Nova: data with sense\",\"url\":\"https:\/\/nova-praxis.com\/en\/\",\"logo\":{\"@type\":\"ImageObject\",\"inLanguage\":\"en-US\",\"@id\":\"https:\/\/nova-praxis.com\/en\/#\/schema\/logo\/image\/\",\"url\":\"https:\/\/nova-praxis.com\/wp-content\/uploads\/2022\/12\/cropped-cropped-cropped-Nova_Logo_Color323b3fRGB-4.png\",\"contentUrl\":\"https:\/\/nova-praxis.com\/wp-content\/uploads\/2022\/12\/cropped-cropped-cropped-Nova_Logo_Color323b3fRGB-4.png\",\"width\":1716,\"height\":400,\"caption\":\"Nova\"},\"image\":{\"@id\":\"https:\/\/nova-praxis.com\/en\/#\/schema\/logo\/image\/\"},\"sameAs\":[\"https:\/\/www.linkedin.com\/company\/nova-praxis\/\"]}]}<\/script>\n<!-- \/ Yoast SEO plugin. -->","yoast_head_json":{"title":"Legal Notice - Nova","robots":{"index":"noindex","follow":"follow"},"og_locale":"en_US","og_type":"article","og_title":"Legal Notice - Nova","og_description":"Legal Notice ESG Reporting: Key Features Legal Notice Business Name: Novapraxis Soluciones de Negocio S.L. NIF: B85117992 | Registered Office: Calle Montesa, 35, Esc Dcha 3\u00ba Izqda. 28006, Madrid. Contact: Tel\u00e9fono: 916320207Email: contacto@nova-praxis.com DATOS DE INSCRIPCI\u00d3N (0, CUANDO PROCEDA, COLEGIACI\u00d3N) ... Read more","og_url":"https:\/\/nova-praxis.com\/en\/legal-notice\/","og_site_name":"Nova","article_modified_time":"2024-08-21T10:27:54+00:00","og_image":[{"url":"https:\/\/nova-praxis.com\/\/wp-content\/uploads\/2022\/12\/line.png","type":"","width":"","height":""}],"twitter_card":"summary_large_image","twitter_misc":{"Est. reading time":"2 minutes"},"schema":{"@context":"https:\/\/schema.org","@graph":[{"@type":"WebPage","@id":"https:\/\/nova-praxis.com\/en\/legal-notice\/","url":"https:\/\/nova-praxis.com\/en\/legal-notice\/","name":"Legal Notice - Nova","isPartOf":{"@id":"https:\/\/nova-praxis.com\/en\/#website"},"primaryImageOfPage":{"@id":"https:\/\/nova-praxis.com\/en\/legal-notice\/#primaryimage"},"image":{"@id":"https:\/\/nova-praxis.com\/en\/legal-notice\/#primaryimage"},"thumbnailUrl":"https:\/\/nova-praxis.com\/\/wp-content\/uploads\/2022\/12\/line.png","datePublished":"2023-02-13T19:52:21+00:00","dateModified":"2024-08-21T10:27:54+00:00","breadcrumb":{"@id":"https:\/\/nova-praxis.com\/en\/legal-notice\/#breadcrumb"},"inLanguage":"en-US","potentialAction":[{"@type":"ReadAction","target":["https:\/\/nova-praxis.com\/en\/legal-notice\/"]}]},{"@type":"ImageObject","inLanguage":"en-US","@id":"https:\/\/nova-praxis.com\/en\/legal-notice\/#primaryimage","url":"https:\/\/nova-praxis.com\/\/wp-content\/uploads\/2022\/12\/line.png","contentUrl":"https:\/\/nova-praxis.com\/\/wp-content\/uploads\/2022\/12\/line.png"},{"@type":"BreadcrumbList","@id":"https:\/\/nova-praxis.com\/en\/legal-notice\/#breadcrumb","itemListElement":[{"@type":"ListItem","position":1,"name":"Portada","item":"https:\/\/nova-praxis.com\/en\/"},{"@type":"ListItem","position":2,"name":"Legal Notice"}]},{"@type":"WebSite","@id":"https:\/\/nova-praxis.com\/en\/#website","url":"https:\/\/nova-praxis.com\/en\/","name":"Nova","description":"Your data partner","publisher":{"@id":"https:\/\/nova-praxis.com\/en\/#organization"},"potentialAction":[{"@type":"SearchAction","target":{"@type":"EntryPoint","urlTemplate":"https:\/\/nova-praxis.com\/en\/?s={search_term_string}"},"query-input":{"@type":"PropertyValueSpecification","valueRequired":true,"valueName":"search_term_string"}}],"inLanguage":"en-US"},{"@type":"Organization","@id":"https:\/\/nova-praxis.com\/en\/#organization","name":"Nova","alternateName":"Nova: data with sense","url":"https:\/\/nova-praxis.com\/en\/","logo":{"@type":"ImageObject","inLanguage":"en-US","@id":"https:\/\/nova-praxis.com\/en\/#\/schema\/logo\/image\/","url":"https:\/\/nova-praxis.com\/wp-content\/uploads\/2022\/12\/cropped-cropped-cropped-Nova_Logo_Color323b3fRGB-4.png","contentUrl":"https:\/\/nova-praxis.com\/wp-content\/uploads\/2022\/12\/cropped-cropped-cropped-Nova_Logo_Color323b3fRGB-4.png","width":1716,"height":400,"caption":"Nova"},"image":{"@id":"https:\/\/nova-praxis.com\/en\/#\/schema\/logo\/image\/"},"sameAs":["https:\/\/www.linkedin.com\/company\/nova-praxis\/"]}]}},"_links":{"self":[{"href":"https:\/\/nova-praxis.com\/en\/wp-json\/wp\/v2\/pages\/4695","targetHints":{"allow":["GET"]}}],"collection":[{"href":"https:\/\/nova-praxis.com\/en\/wp-json\/wp\/v2\/pages"}],"about":[{"href":"https:\/\/nova-praxis.com\/en\/wp-json\/wp\/v2\/types\/page"}],"author":[{"embeddable":true,"href":"https:\/\/nova-praxis.com\/en\/wp-json\/wp\/v2\/users\/1"}],"replies":[{"embeddable":true,"href":"https:\/\/nova-praxis.com\/en\/wp-json\/wp\/v2\/comments?post=4695"}],"version-history":[{"count":3,"href":"https:\/\/nova-praxis.com\/en\/wp-json\/wp\/v2\/pages\/4695\/revisions"}],"predecessor-version":[{"id":4698,"href":"https:\/\/nova-praxis.com\/en\/wp-json\/wp\/v2\/pages\/4695\/revisions\/4698"}],"wp:attachment":[{"href":"https:\/\/nova-praxis.com\/en\/wp-json\/wp\/v2\/media?parent=4695"}],"curies":[{"name":"wp","href":"https:\/\/api.w.org\/{rel}","templated":true}]}}